{"id":16,"date":"2025-08-23T14:23:12","date_gmt":"2025-08-23T14:23:12","guid":{"rendered":"https:\/\/schindelhauer-dresden.de\/?page_id=16"},"modified":"2026-01-25T21:01:28","modified_gmt":"2026-01-25T21:01:28","slug":"in-kuerze-verfuegbar","status":"publish","type":"page","link":"https:\/\/schindelhauer-dresden.de\/","title":{"rendered":"In K\u00fcrze verf\u00fcgbar."},"content":{"rendered":"\n<p>Hier entsteht aktuell meine neue Internetpr\u00e4senz. Nach der Fertigstellung freue ich mich, Sie auf diesen Seiten begr\u00fc\u00dfen zu d\u00fcrfen. Bis dahin erreichen Sie mich wie gewohnt unter den Ihnen bekannten Kontaktkan\u00e4len.<\/p>\n\n\n\n<p class=\"has-small-font-size\">Dresden, 23.08.2025<\/p>\n\n\n\n<p><\/p>\n","protected":false},"excerpt":{"rendered":"<p>Hier entsteht aktuell meine neue Internetpr\u00e4senz. Nach der Fertigstellung freue ich mich, Sie auf diesen Seiten begr\u00fc\u00dfen zu d\u00fcrfen. Bis dahin erreichen Sie mich wie gewohnt unter den Ihnen bekannten Kontaktkan\u00e4len. Dresden, 23.08.2025<\/p>\n","protected":false},"author":1,"featured_media":0,"parent":0,"menu_order":0,"comment_status":"closed","ping_status":"closed","template":"","meta":{"footnotes":""},"class_list":["post-16","page","type-page","status-publish","hentry"],"_links":{"self":[{"href":"https:\/\/schindelhauer-dresden.de\/index.php?rest_route=\/wp\/v2\/pages\/16","targetHints":{"allow":["GET"]}}],"collection":[{"href":"https:\/\/schindelhauer-dresden.de\/index.php?rest_route=\/wp\/v2\/pages"}],"about":[{"href":"https:\/\/schindelhauer-dresden.de\/index.php?rest_route=\/wp\/v2\/types\/page"}],"author":[{"embeddable":true,"href":"https:\/\/schindelhauer-dresden.de\/index.php?rest_route=\/wp\/v2\/users\/1"}],"replies":[{"embeddable":true,"href":"https:\/\/schindelhauer-dresden.de\/index.php?rest_route=%2Fwp%2Fv2%2Fcomments&post=16"}],"version-history":[{"count":6,"href":"https:\/\/schindelhauer-dresden.de\/index.php?rest_route=\/wp\/v2\/pages\/16\/revisions"}],"predecessor-version":[{"id":44,"href":"https:\/\/schindelhauer-dresden.de\/index.php?rest_route=\/wp\/v2\/pages\/16\/revisions\/44"}],"wp:attachment":[{"href":"https:\/\/schindelhauer-dresden.de\/index.php?rest_route=%2Fwp%2Fv2%2Fmedia&parent=16"}],"curies":[{"name":"wp","href":"https:\/\/api.w.org\/{rel}","templated":true}]}}